{"id":532,"date":"2026-01-05T12:10:51","date_gmt":"2026-01-05T12:10:51","guid":{"rendered":"https:\/\/fadaroxa.com.br\/?page_id=532"},"modified":"2026-02-18T17:27:34","modified_gmt":"2026-02-18T17:27:34","slug":"autora","status":"publish","type":"page","link":"https:\/\/fadaroxa.com.br\/en\/autora\/","title":{"rendered":"autora"},"content":{"rendered":"<div data-elementor-type=\"wp-page\" data-elementor-id=\"532\" class=\"elementor elementor-532\" data-elementor-post-type=\"page\">\n\t\t\t\t<div class=\"elementor-element elementor-element-494eb19 e-flex e-con-boxed e-con e-parent\" data-id=\"494eb19\" data-element_type=\"container\" data-e-type=\"container\">\n\t\t\t\t\t<div class=\"e-con-inner\">\n\t\t\t\t<div class=\"elementor-element elementor-element-ccb577b elementor-widget elementor-widget-html\" data-id=\"ccb577b\" data-element_type=\"widget\" data-e-type=\"widget\" data-widget_type=\"html.default\">\n\t\t\t\t\t <nav class=\"fichario\" aria-label=\"Menu\">\r\n    <a href=\"https:\/\/fadaroxa.com.br\/en\/\" class=\"aba rosa\">Home<\/a>\r\n    <a href=\"https:\/\/fadaroxa.com.br\/en\/curiosidades\/\" class=\"aba azul\">Curiosidades<\/a>\r\n    <a href=\"https:\/\/fadaroxa.com.br\/en\/personagens\/\" class=\"aba verde\">Personagens<\/a>\r\n    <a href=\"https:\/\/fadaroxa.com.br\/en\/autora\/\" class=\"aba amarelo\">Autora<\/a>\r\n  <\/nav>\r\n  \r\n  \r\n  <style>\r\n  \/* =========================\r\n   DESKTOP \/ TABLET (PADR\u00c3O)\r\n   ========================= *\/\r\n\r\n.fichario {\r\n  position: fixed;\r\n  top: 50%;\r\n  right: 0;\r\n  z-index: 1000!important;\r\n  transform: translateY(-50%);\r\n  width: 95px;\r\n  padding: 18px 10px 18px 0;\r\n  background: #f196ff;\r\n  display: flex;\r\n  flex-direction: column;\r\n  gap: 16px;\r\n  border-radius: 14px 0 0 14px;\r\n  box-shadow: -6px 6px 16px rgba(0, 0, 0, 0.12);\r\n}\r\n\r\n\/* Aba vertical *\/\r\n.aba {\r\n  position: relative;\r\n  right: 22px;\r\n  padding: 16px 12px;\r\n  border-radius: 14px 0 0 14px;\r\n  writing-mode: vertical-rl;\r\n  text-orientation: mixed;\r\n  text-decoration: none;\r\n  color: #000!important;\r\n  font-size: 15px;\r\n  letter-spacing: 1px;\r\n  cursor: pointer;\r\n  box-shadow: -3px 3px 8px rgba(0, 0, 0, 0.25);\r\n  transition: right 0.25s ease, transform 0.25s ease;\r\n}\r\n\r\n.aba:hover {\r\n  right: 36px;\r\n  transform: translateY(-1px);\r\n}\r\n\r\n.aba.ativa {\r\n  right: 48px;\r\n  font-weight: 700;\r\n  z-index: 10;\r\n  transform: translateY(-1px);\r\n}\r\n\r\n\/* Cores *\/\r\n.rosa    { background: #52bef4; }\r\n.azul    { background: #52bef4; }\r\n.verde   { background: #52bef4; }\r\n.amarelo { background: #52bef4; }\r\n\r\n\r\n\r\n\/* =========================\r\n   MOBILE (MENU TOPO)\r\n   ========================= *\/\r\n\r\n@media (max-width: 768px) {\r\n\r\n  .fichario {\r\n    position: fixed;\r\n    top: 0;\r\n    right: 0;\r\n    left: 0;\r\n    transform: none;\r\n    width: 100%;\r\n    height: 60px;\r\n    padding: 0 10px;\r\n    flex-direction: row;\r\n    justify-content: space-around;\r\n    align-items: center;\r\n    border-radius: 0 0 14px 14px;\r\n  }\r\n\r\n  .aba {\r\n    writing-mode: horizontal-tb;\r\n    right: 0;\r\n    padding: 8px 10px;\r\n    border-radius: 10px;\r\n    box-shadow: none;\r\n    font-size: 12px;\r\n  }\r\n\r\n  .aba:hover {\r\n    right: 0;\r\n    transform: none;\r\n  }\r\n\r\n  .aba.ativa {\r\n    right: 0;\r\n    transform: none;\r\n  }\r\n}\r\n\r\n  <\/style>\r\n  \r\n  \r\n  <script>\r\n      const abas = document.querySelectorAll(\".aba\");\r\n\r\nfunction setAtivaPorHash() {\r\n  const hash = window.location.hash || \"#home\";\r\n\r\n  abas.forEach(a => a.classList.remove(\"ativa\"));\r\n\r\n  const alvo = document.querySelector(`.aba[href=\"${hash}\"]`);\r\n  if (alvo) alvo.classList.add(\"ativa\");\r\n}\r\n\r\nabas.forEach(aba => {\r\n  aba.addEventListener(\"click\", () => {\r\n    abas.forEach(a => a.classList.remove(\"ativa\"));\r\n    aba.classList.add(\"ativa\");\r\n    \/\/ o href j\u00e1 atualiza a URL com #\r\n  });\r\n});\r\n\r\n\/\/ ao abrir\/recarregar com #, marca a aba certa\r\nwindow.addEventListener(\"hashchange\", setAtivaPorHash);\r\nsetAtivaPorHash();\r\n\r\n  <\/script>\r\n  \t\t\t\t<\/div>\n\t\t\t\t\t<\/div>\n\t\t\t\t<\/div>\n\t\t\t\t<section class=\"elementor-section elementor-top-section elementor-element elementor-element-ea062cd elementor-section-boxed elementor-section-height-default elementor-section-height-default\" data-id=\"ea062cd\" data-element_type=\"section\" data-e-type=\"section\">\n\t\t\t\t\t\t\t<div class=\"elementor-background-overlay\"><\/div>\n\t\t\t\t\t\t\t<div class=\"elementor-container elementor-column-gap-default\">\n\t\t\t\t\t<div class=\"elementor-column elementor-col-100 elementor-top-column elementor-element elementor-element-c55f81c\" data-id=\"c55f81c\" data-element_type=\"column\" data-e-type=\"column\">\n\t\t\t<div class=\"elementor-widget-wrap elementor-element-populated\">\n\t\t\t\t\t\t<section class=\"elementor-section elementor-inner-section elementor-element elementor-element-997c1de elementor-section-height-min-height elementor-section-content-middle elementor-section-boxed elementor-section-height-default\" data-id=\"997c1de\" data-element_type=\"section\" data-e-type=\"section\">\n\t\t\t\t\t\t<div class=\"elementor-container elementor-column-gap-default\">\n\t\t\t\t\t<div class=\"elementor-column elementor-col-100 elementor-inner-column elementor-element elementor-element-80a0989\" data-id=\"80a0989\" data-element_type=\"column\" data-e-type=\"column\" data-settings=\"{&quot;background_background&quot;:&quot;classic&quot;}\">\n\t\t\t<div class=\"elementor-widget-wrap elementor-element-populated\">\n\t\t\t\t\t\t<div class=\"elementor-element elementor-element-b2e9b75 animated-slow elementor-invisible elementor-widget elementor-widget-image\" data-id=\"b2e9b75\" data-element_type=\"widget\" data-e-type=\"widget\" data-settings=\"{&quot;_animation&quot;:&quot;fadeInLeft&quot;}\" data-widget_type=\"image.default\">\n\t\t\t\t\t\t\t\t\t\t\t\t\t\t\t\t<a href=\"https:\/\/fadaroxa.com.br\/en\/\">\n\t\t\t\t\t\t\t<img fetchpriority=\"high\" decoding=\"async\" width=\"2295\" height=\"2295\" src=\"https:\/\/fadaroxa.com.br\/wp-content\/uploads\/2025\/12\/fada.png\" class=\"attachment-full size-full wp-image-136\" alt=\"\" srcset=\"https:\/\/fadaroxa.com.br\/wp-content\/uploads\/2025\/12\/fada.png 2295w, https:\/\/fadaroxa.com.br\/wp-content\/uploads\/2025\/12\/fada-300x300.png 300w, https:\/\/fadaroxa.com.br\/wp-content\/uploads\/2025\/12\/fada-100x100.png 100w, https:\/\/fadaroxa.com.br\/wp-content\/uploads\/2025\/12\/fada-600x600.png 600w, https:\/\/fadaroxa.com.br\/wp-content\/uploads\/2025\/12\/fada-1024x1024.png 1024w, https:\/\/fadaroxa.com.br\/wp-content\/uploads\/2025\/12\/fada-150x150.png 150w, https:\/\/fadaroxa.com.br\/wp-content\/uploads\/2025\/12\/fada-768x768.png 768w, https:\/\/fadaroxa.com.br\/wp-content\/uploads\/2025\/12\/fada-1536x1536.png 1536w, https:\/\/fadaroxa.com.br\/wp-content\/uploads\/2025\/12\/fada-2048x2048.png 2048w\" sizes=\"(max-width: 2295px) 100vw, 2295px\" \/>\t\t\t\t\t\t\t\t<\/a>\n\t\t\t\t\t\t\t\t\t\t\t\t\t\t\t<\/div>\n\t\t\t\t<div class=\"elementor-element elementor-element-8c42331 elementor-widget elementor-widget-heading\" data-id=\"8c42331\" data-element_type=\"widget\" data-e-type=\"widget\" data-widget_type=\"heading.default\">\n\t\t\t\t\t<h1 class=\"elementor-heading-title elementor-size-default\">autora<\/h1>\t\t\t\t<\/div>\n\t\t\t\t\t<\/div>\n\t\t<\/div>\n\t\t\t\t\t<\/div>\n\t\t<\/section>\n\t\t\t\t\t<\/div>\n\t\t<\/div>\n\t\t\t\t\t<\/div>\n\t\t<\/section>\n\t\t<div class=\"elementor-element elementor-element-b71f3df e-flex e-con-boxed e-con e-parent\" data-id=\"b71f3df\" data-element_type=\"container\" data-e-type=\"container\">\n\t\t\t\t\t<div class=\"e-con-inner\">\n\t\t\t\t<div class=\"elementor-element elementor-element-63cd8d7 elementor-widget elementor-widget-heading\" data-id=\"63cd8d7\" data-element_type=\"widget\" data-e-type=\"widget\" data-widget_type=\"heading.default\">\n\t\t\t\t\t<h2 class=\"elementor-heading-title elementor-size-default\">Sou Fada Roxa, escritora, sonhadora e criadora de Lunar, \u00e9 incr\u00edvel realizar o meu sonho de escrever livros, muito obrigada por isso Belle, eu queria estar no lugar da Belle, ela \u00e9 muito sortuda n\u00e9?\n<br>\n<br>\n\nAgrade\u00e7o a voc\u00ea que est\u00e1 lendo isso, por que... N\u00e3o \u00e9 por acaso que eu escrevi esse livro e voc\u00ea estar lendo isso agora, talvez... O meu livro, por mais sendo ficcional ajude voc\u00ea seja na sua vida pessoal o matando o seu t\u00e9dio.<\/h2>\t\t\t\t<\/div>\n\t\t\t\t\t<\/div>\n\t\t\t\t<\/div>\n\t\t\t\t<\/div>","protected":false},"excerpt":{"rendered":"<p>Home Curiosidades Personagens Autora autora Sou Fada Roxa, escritora, sonhadora e criadora de Lunar, \u00e9 incr\u00edvel realizar o meu sonho de escrever livros, muito obrigada por isso Belle, eu queria estar no lugar da Belle, ela \u00e9 muito sortuda n\u00e9? Agrade\u00e7o a voc\u00ea que est\u00e1 lendo isso, por que&#8230; N\u00e3o \u00e9 por acaso que eu [&hellip;]<\/p>","protected":false},"author":1,"featured_media":0,"parent":0,"menu_order":0,"comment_status":"closed","ping_status":"closed","template":"elementor_canvas","meta":{"footnotes":""},"class_list":["post-532","page","type-page","status-publish","hentry"],"_hostinger_reach_plugin_has_subscription_block":false,"_hostinger_reach_plugin_is_elementor":false,"_links":{"self":[{"href":"https:\/\/fadaroxa.com.br\/en\/wp-json\/wp\/v2\/pages\/532","targetHints":{"allow":["GET"]}}],"collection":[{"href":"https:\/\/fadaroxa.com.br\/en\/wp-json\/wp\/v2\/pages"}],"about":[{"href":"https:\/\/fadaroxa.com.br\/en\/wp-json\/wp\/v2\/types\/page"}],"author":[{"embeddable":true,"href":"https:\/\/fadaroxa.com.br\/en\/wp-json\/wp\/v2\/users\/1"}],"replies":[{"embeddable":true,"href":"https:\/\/fadaroxa.com.br\/en\/wp-json\/wp\/v2\/comments?post=532"}],"version-history":[{"count":13,"href":"https:\/\/fadaroxa.com.br\/en\/wp-json\/wp\/v2\/pages\/532\/revisions"}],"predecessor-version":[{"id":655,"href":"https:\/\/fadaroxa.com.br\/en\/wp-json\/wp\/v2\/pages\/532\/revisions\/655"}],"wp:attachment":[{"href":"https:\/\/fadaroxa.com.br\/en\/wp-json\/wp\/v2\/media?parent=532"}],"curies":[{"name":"wp","href":"https:\/\/api.w.org\/{rel}","templated":true}]}}